{"id":674,"date":"2023-05-22T07:51:19","date_gmt":"2023-05-22T06:51:19","guid":{"rendered":"http:\/\/nefrologs.lv\/?page_id=674"},"modified":"2025-10-06T17:45:49","modified_gmt":"2025-10-06T14:45:49","slug":"saites","status":"publish","type":"page","link":"https:\/\/nefrologs.lv\/en\/saites\/","title":{"rendered":"Links"},"content":{"rendered":"<h2>Vadl\u012bnijas<\/h2>\n<p><a href=\"http:\/\/www.kidney.org\/professionals\/KDOQI\/guidelines_commentaries.cfm\" target=\"_blank\" rel=\"noopener\">DOQI guidelines<\/a><\/p>\n<p><a href=\"http:\/\/www.kdigo.org\/clinical_practice_guidelines\/pdf\/KDIGO%20AKI%20Guideline.pdf\" target=\"_blank\" rel=\"noopener\">KDIGO guidelines<\/a><\/p>\n<p><a href=\"http:\/\/nefrologs.lv\/wp-content\/uploads\/2013\/05\/HNS-KMVTrekomendacijasLatvija2013.pdf\" target=\"_blank\" rel=\"noopener\">HNS-KMVT rekomend\u0101cijas<\/a><\/p>\n<a href=\"https:\/\/nefrologs.lv\/wp-content\/uploads\/2025\/10\/2015_rekomendacijas_nieru_transplantacija.pdf\" target=\"_blank\" rel=\"noopener\">Rekomend\u0101cijas nieru transplant\u0101cij\u0101 2015<\/a><a href=\"http:\/\/nefrologs.lv\/wp-content\/uploads\/2015\/03\/Transplantacija-2015.pdf\"><br \/>\n<\/a>\n<p><a href=\"http:\/\/nefrologs.lv\/wp-content\/uploads\/2016\/03\/EBPGvadlinijas.pdf\" target=\"_blank\" rel=\"noopener\">Kl\u012bnisk\u0101s prakses vadl\u012bnijas pacientu ar diab\u0113tu un 3b vai augst\u0101kas (GF\u0100 &lt;45 ml\/min) stadijas hronisku nieru slim\u012bbu \u0101rst\u0113\u0161an\u0101<\/a><\/p>\n<p><a href=\"http:\/\/nefrologs.lv\/wp-content\/uploads\/2024\/09\/Gala-versija-BI-Brosuras-KDIGO-VADLINIJAS-148x210-mm-12-53-23.09.2024.pdf\">KDIGO 2024 Kl\u012bnisk\u0101s prakses vadl\u012bniju hroniskas nieru slim\u012bbas nov\u0113rt\u0113\u0161anai un \u0101rst\u0113\u0161anai kopsavilkums: zin\u0101mie zin\u0101mie un zin\u0101mie nezin\u0101mie<\/a><\/p>\n<h2>Organiz\u0101cijas<\/h2>\n<p>Lietuvas Patolo\u0123ijas centrs &#8211;\u00a0<a href=\"http:\/\/www.vpc.lt\/\">http:\/\/www.vpc.lt<\/a><\/p>\n<p>Igaunijas Nefrologu biedr\u012bba &#8211;\u00a0<a href=\"http:\/\/www.nefro.ee\/\">http:\/\/www.nefro.ee<\/a><\/p>\n<p>Lietuvas Nefrolo\u0123ijas Dial\u012bzes un Transplant\u0101cijas biedr\u012bba &#8211;\u00a0<a href=\"http:\/\/www.lndta.lt\/\">http:\/\/www.lndta.lt<\/a><\/p>\n<p>D\u0101nijas Nefrologu biedr\u012bba &#8211;\u00a0<a href=\"http:\/\/www.nephrology.dk\/\">http:\/\/www.nephrology.dk<\/a><\/p>\n<p>Zviedrijas Nieru biedr\u012bba &#8211;\u00a0<a href=\"http:\/\/www.njur.se\/\">http:\/\/www.njur.se<\/a><\/p>\n<p>Somijas Nefrolo\u0123ijas asoci\u0101cija &#8211;\u00a0<a href=\"http:\/\/www.sny.fi\/\">www.sny.fi<\/a><\/p>\n<p>Norv\u0113\u0123ijas Nieru biedr\u012bba &#8211;\u00a0<a href=\"http:\/\/www.nephro.no\/\">http:\/\/www.nephro.no<\/a><\/p>\n<p>Apvienot\u0101s Karalistes nieru biedr\u012bba &#8211;\u00a0<a href=\"http:\/\/www.renal.org\/\">http:\/\/www.renal.org\/<\/a><\/p>\n<p>ERA-EDTA &#8211;\u00a0<a href=\"http:\/\/www.era-edta.org\/\">http:\/\/www.era-edta.org<\/a><\/p>\n<p>ESPN &#8211;\u00a0<a href=\"http:\/\/espn-online.org\/index.php\">http:\/\/espn-online.org\/index.php<\/a><\/p>\n<p>Skotijas Nieru re\u0123istrs &#8211;\u00a0<a href=\"http:\/\/www.srr.scot.nhs.uk\/\">http:\/\/www.srr.scot.nhs.uk<\/a><\/p>\n<p>UNOS (Tx org\u0101ni) &#8211;\u00a0<a href=\"http:\/\/www.unos.org\/\">http:\/\/www.unos.org<\/a><\/p>\n<p>Amerikas nefrologu asoci\u0101cija (ASN) &#8211;\u00a0<a href=\"http:\/\/www.asn-online.org\/\">http:\/\/www.asn-online.org<\/a><\/p>\n<p>Starptautisk\u0101 nefrologu biedr\u012bba (ISN) &#8211;\u00a0<a href=\"http:\/\/www.theisn.org\/\">http:\/\/www.theisn.org<\/a><\/p>\n<p>USRDS &#8211;\u00a0<a href=\"http:\/\/www.usrds.org\/\">http:\/\/www.usrds.org<\/a><\/p>\n<p>Osteoporozes asoci\u0101cija (LOKMSA) &#8211;\u00a0<a href=\"http:\/\/kauluveseliba.lv\/\">http:\/\/kauluveseliba.lv<\/a><\/p>","protected":false},"excerpt":{"rendered":"<p>Vadl\u012bnijas DOQI guidelines KDIGO guidelines HNS-KMVT rekomend\u0101cijas Rekomend\u0101cijas nieru transplant\u0101cij\u0101 2015 Kl\u012bnisk\u0101s prakses vadl\u012bnijas pacientu ar diab\u0113tu un 3b vai augst\u0101kas (GF\u0100 &lt;45 ml\/min) stadijas hronisku nieru slim\u012bbu \u0101rst\u0113\u0161an\u0101 KDIGO 2024 Kl\u012bnisk\u0101s prakses vadl\u012bniju hroniskas nieru slim\u012bbas nov\u0113rt\u0113\u0161anai un \u0101rst\u0113\u0161anai kopsavilkums: zin\u0101mie zin\u0101mie un zin\u0101mie nezin\u0101mie Organiz\u0101cijas Lietuvas Patolo\u0123ijas centrs &#8211;\u00a0http:\/\/www.vpc.lt Igaunijas Nefrologu biedr\u012bba &#8211;\u00a0http:\/\/www.nefro.ee [&hellip;]<\/p>","protected":false},"author":1,"featured_media":0,"parent":0,"menu_order":0,"comment_status":"closed","ping_status":"closed","template":"","meta":{"_surecart_dashboard_logo_width":"180px","_surecart_dashboard_show_logo":true,"_surecart_dashboard_navigation_orders":true,"_surecart_dashboard_navigation_invoices":true,"_surecart_dashboard_navigation_subscriptions":true,"_surecart_dashboard_navigation_downloads":true,"_surecart_dashboard_navigation_billing":true,"_surecart_dashboard_navigation_account":true,"site-sidebar-layout":"default","site-content-layout":"","ast-site-content-layout":"default","site-content-style":"default","site-sidebar-style":"default","ast-global-header-display":"","ast-banner-title-visibility":"","ast-main-header-display":"","ast-hfb-above-header-display":"","ast-hfb-below-header-display":"","ast-hfb-mobile-header-display":"","site-post-title":"","ast-breadcrumbs-content":"","ast-featured-img":"","footer-sml-layout":"","theme-transparent-header-meta":"","adv-header-id-meta":"","stick-header-meta":"","header-above-stick-meta":"","header-main-stick-meta":"","header-below-stick-meta":"","astra-migrate-meta-layouts":"set","ast-page-background-enabled":"default","ast-page-background-meta":{"desktop":{"background-color":"","background-image":"","background-repeat":"repeat","background-position":"center center","background-size":"auto","background-attachment":"scroll","background-type":"","background-media":"","overlay-type":"","overlay-color":"","overlay-opacity":"","overlay-gradient":""},"tablet":{"background-color":"","background-image":"","background-repeat":"repeat","background-position":"center center","background-size":"auto","background-attachment":"scroll","background-type":"","background-media":"","overlay-type":"","overlay-color":"","overlay-opacity":"","overlay-gradient":""},"mobile":{"background-color":"","background-image":"","background-repeat":"repeat","background-position":"center center","background-size":"auto","background-attachment":"scroll","background-type":"","background-media":"","overlay-type":"","overlay-color":"","overlay-opacity":"","overlay-gradient":""}},"ast-content-background-meta":{"desktop":{"background-color":"var(--ast-global-color-5)","background-image":"","background-repeat":"repeat","background-position":"center center","background-size":"auto","background-attachment":"scroll","background-type":"","background-media":"","overlay-type":"","overlay-color":"","overlay-opacity":"","overlay-gradient":""},"tablet":{"background-color":"var(--ast-global-color-5)","background-image":"","background-repeat":"repeat","background-position":"center center","background-size":"auto","background-attachment":"scroll","background-type":"","background-media":"","overlay-type":"","overlay-color":"","overlay-opacity":"","overlay-gradient":""},"mobile":{"background-color":"var(--ast-global-color-5)","background-image":"","background-repeat":"repeat","background-position":"center center","background-size":"auto","background-attachment":"scroll","background-type":"","background-media":"","overlay-type":"","overlay-color":"","overlay-opacity":"","overlay-gradient":""}},"_vp_format_video_url":"","_vp_image_focal_point":[],"footnotes":""},"class_list":["post-674","page","type-page","status-publish","hentry"],"_links":{"self":[{"href":"https:\/\/nefrologs.lv\/en\/wp-json\/wp\/v2\/pages\/674","targetHints":{"allow":["GET"]}}],"collection":[{"href":"https:\/\/nefrologs.lv\/en\/wp-json\/wp\/v2\/pages"}],"about":[{"href":"https:\/\/nefrologs.lv\/en\/wp-json\/wp\/v2\/types\/page"}],"author":[{"embeddable":true,"href":"https:\/\/nefrologs.lv\/en\/wp-json\/wp\/v2\/users\/1"}],"replies":[{"embeddable":true,"href":"https:\/\/nefrologs.lv\/en\/wp-json\/wp\/v2\/comments?post=674"}],"version-history":[{"count":6,"href":"https:\/\/nefrologs.lv\/en\/wp-json\/wp\/v2\/pages\/674\/revisions"}],"predecessor-version":[{"id":1798,"href":"https:\/\/nefrologs.lv\/en\/wp-json\/wp\/v2\/pages\/674\/revisions\/1798"}],"wp:attachment":[{"href":"https:\/\/nefrologs.lv\/en\/wp-json\/wp\/v2\/media?parent=674"}],"curies":[{"name":"wp","href":"https:\/\/api.w.org\/{rel}","templated":true}]}}