{"id":625,"date":"2023-05-12T13:38:21","date_gmt":"2023-05-12T12:38:21","guid":{"rendered":"http:\/\/nefrologs.lv\/?page_id=625"},"modified":"2023-12-05T11:26:22","modified_gmt":"2023-12-05T11:26:22","slug":"kreatinina-klirenss-kokkrofa-golta-vienadojums","status":"publish","type":"page","link":"https:\/\/nefrologs.lv\/en\/kreatinina-klirenss-kokkrofa-golta-vienadojums\/","title":{"rendered":"Kreatin\u012bna kl\u012brenss (Kokkrofa-Golta vien\u0101dojums)"},"content":{"rendered":"<p>Lieto\u0161anai pacientiem ar stabilu nieru funkciju, lai nov\u0113rt\u0113tu kreatin\u012bna kl\u012brensu.<\/p>\n\n\n\n<!DOCTYPE html>\n<html>\n  <head>\n    <meta charset=\"UTF-8\">\n    <link rel=\"stylesheet\" href=\"style.css\">\n  <\/head>\n <style>\n  \/* Existing CSS styles *\/\n\n  body {\n    font-family: Arial, sans-serif;\n    margin: 0;\n    padding: 0;\n  }\n\n  form {\n    margin: auto;\n    width: 50%;\n  }\n\n  label {\n    display: block;\n    width: 200px;\n    margin-bottom: 10px;\n  }\n\n  input[type=\"number\"],\n  select {\n    width: 100%;\n    box-sizing: border-box;\n    padding: 5px;\n    margin-bottom: 10px;\n  }\n\n  input[type=\"button\"] {\n    margin-left: 200px;\n  }\n\n  input[type=\"number\"][readonly] {\n    background-color: #eee;\n  }\n\n  .error {\n    color: red;\n  }\n\n  .creatinine-unit {\n    display: flex;\n    align-items: center;\n    margin-bottom: 10px;\n  }\n\n  .creatinine-unit label {\n    width: auto;\n    margin-right: 10px;\n  }\n<\/style>\n   <body>\n    <form action=\"\">\n      <label for=\"age\">Vecums (gadi):<\/label>\n      <input type=\"number\" id=\"age\" name=\"age\" required>\n      <span id=\"age-error\" class=\"error\"><\/span><br><br>\n      <label for=\"gender\">Dzimums:<\/label>\n      <select id=\"gender\" name=\"gender\" required>\n        <option value=\"\">&#8212; Izv\u0113l\u0113ties dzimumu &#8212;<\/option>\n        <option value=\"male\">V\u012brietis<\/option>\n        <option value=\"female\">Sieviete<\/option>\n      <\/select>\n      <span id=\"gender-error\" class=\"error\"><\/span><br><br>\n      <label for=\"weight\">Svars (kg):<\/label>\n      <input type=\"number\" step=\"0.1\" id=\"weight\" name=\"weight\" required>\n      <span id=\"weight-error\" class=\"error\"><\/span><br><br>\n      <div class=\"creatinine-unit\">\n        <label for=\"creatinine-unit\">Kreatin\u012bna m\u0113rvien\u012bba:<\/label>\n        <select id=\"creatinine-unit\" name=\"creatinine-unit\">\n          <option value=\"mg\/dL\" selected>mg\/dL<\/option>\n          <option value=\"\u00b5mol\/L\">\u00b5mol\/L<\/option>\n        <\/select>\n      <\/div>\n      <input type=\"number\" step=\"0.01\" id=\"creatinine\" name=\"creatinine\" required>\n      <span id=\"creatinine-error\" class=\"error\"><\/span><br><br>\n      <input type=\"button\" value=\"Apr\u0113\u0137in\u0101t CrCl\" onclick=\"calculateCrCl()\"><br><br>\n      <label for=\"crcl\">Cockcroft-Gault CrCl (mL\/min):<\/label>\n      <input type=\"number\" id=\"crcl\" name=\"crcl\" readonly>\n    <input type=\"hidden\" name=\"trp-form-language\" value=\"en\"\/><\/form>\n    <script>\nfunction calculateCrCl() {\n    var age = parseInt(document.getElementById('age').value);\n    var gender = document.getElementById('gender').value;\n    var weight = parseFloat(document.getElementById('weight').value);\n    var creatinine = parseFloat(document.getElementById('creatinine').value);\n\n    if (age > 0 && weight > 0 && creatinine > 0) {\n        var crCl = ((140 - age) * weight) \/ (72 * creatinine);\n        if (gender === 'female') {\n            crCl = crCl * 0.85;\n        }\n        document.getElementById('crcl').value = crCl.toFixed(2);\n    } else {\n        \/\/ Handle error: Display a message or highlight fields\n        if (age <= 0) document.getElementById('age-error').textContent = 'Please enter a valid age.';\n        if (weight <= 0) document.getElementById('weight-error').textContent = 'Please enter a valid weight.';\n        if (creatinine <= 0) document.getElementById('creatinine-error').textContent = 'Please enter a valid serum creatinine value.';\n    }\n}\n\n\/\/ Clear error messages when input values are corrected\ndocument.getElementById('age').addEventListener('input', function() {\n    document.getElementById('age-error').textContent = '';\n});\ndocument.getElementById('weight').addEventListener('input', function() {\n    document.getElementById('weight-error').textContent = '';\n});\ndocument.getElementById('creatinine').addEventListener('input', function() {\n    document.getElementById('creatinine-error').textContent = '';\n});\n<\/script>\n  <\/body>\n<\/html>\n\n\n\n<div style=\"height:74px\" aria-hidden=\"true\" class=\"wp-block-spacer\"><\/div>\n\n\n\n<h2 class=\"wp-block-heading\">FORMULA<\/h2>\n\n\n\n<p>Cockcroft-Gault CrCl, mL\/min = (140 \u2013 vecums) \u00d7 (svars, kg) \u00d7 (0.85 ja sieviete) \/ (72 \u00d7 Cr, mg\/dL)<\/p>","protected":false},"excerpt":{"rendered":"<p>Lieto\u0161anai pacientiem ar stabilu nieru funkciju, lai nov\u0113rt\u0113tu kreatin\u012bna kl\u012brensu. Vecums (gadi): Dzimums: &#8212; Izv\u0113l\u0113ties dzimumu &#8212;V\u012brietisSieviete Svars (kg): Kreatin\u012bna m\u0113rvien\u012bba: mg\/dL\u00b5mol\/L Cockcroft-Gault CrCl (mL\/min): FORMULA Cockcroft-Gault CrCl, mL\/min = (140 \u2013 vecums) \u00d7 (svars, kg) \u00d7 (0.85 ja sieviete) \/ (72 \u00d7 Cr, mg\/dL)<\/p>","protected":false},"author":1,"featured_media":0,"parent":0,"menu_order":0,"comment_status":"closed","ping_status":"closed","template":"","meta":{"_surecart_dashboard_logo_width":"180px","_surecart_dashboard_show_logo":true,"_surecart_dashboard_navigation_orders":true,"_surecart_dashboard_navigation_invoices":true,"_surecart_dashboard_navigation_subscriptions":true,"_surecart_dashboard_navigation_downloads":true,"_surecart_dashboard_navigation_billing":true,"_surecart_dashboard_navigation_account":true,"site-sidebar-layout":"default","site-content-layout":"","ast-site-content-layout":"default","site-content-style":"default","site-sidebar-style":"default","ast-global-header-display":"","ast-banner-title-visibility":"","ast-main-header-display":"","ast-hfb-above-header-display":"","ast-hfb-below-header-display":"","ast-hfb-mobile-header-display":"","site-post-title":"","ast-breadcrumbs-content":"","ast-featured-img":"","footer-sml-layout":"","theme-transparent-header-meta":"","adv-header-id-meta":"","stick-header-meta":"","header-above-stick-meta":"","header-main-stick-meta":"","header-below-stick-meta":"","astra-migrate-meta-layouts":"default","ast-page-background-enabled":"default","ast-page-background-meta":{"desktop":{"background-color":"","background-image":"","background-repeat":"repeat","background-position":"center center","background-size":"auto","background-attachment":"scroll","background-type":"","background-media":"","overlay-type":"","overlay-color":"","overlay-opacity":"","overlay-gradient":""},"tablet":{"background-color":"","background-image":"","background-repeat":"repeat","background-position":"center center","background-size":"auto","background-attachment":"scroll","background-type":"","background-media":"","overlay-type":"","overlay-color":"","overlay-opacity":"","overlay-gradient":""},"mobile":{"background-color":"","background-image":"","background-repeat":"repeat","background-position":"center center","background-size":"auto","background-attachment":"scroll","background-type":"","background-media":"","overlay-type":"","overlay-color":"","overlay-opacity":"","overlay-gradient":""}},"ast-content-background-meta":{"desktop":{"background-color":"var(--ast-global-color-5)","background-image":"","background-repeat":"repeat","background-position":"center center","background-size":"auto","background-attachment":"scroll","background-type":"","background-media":"","overlay-type":"","overlay-color":"","overlay-opacity":"","overlay-gradient":""},"tablet":{"background-color":"var(--ast-global-color-5)","background-image":"","background-repeat":"repeat","background-position":"center center","background-size":"auto","background-attachment":"scroll","background-type":"","background-media":"","overlay-type":"","overlay-color":"","overlay-opacity":"","overlay-gradient":""},"mobile":{"background-color":"var(--ast-global-color-5)","background-image":"","background-repeat":"repeat","background-position":"center center","background-size":"auto","background-attachment":"scroll","background-type":"","background-media":"","overlay-type":"","overlay-color":"","overlay-opacity":"","overlay-gradient":""}},"_vp_format_video_url":"","_vp_image_focal_point":[],"footnotes":""},"class_list":["post-625","page","type-page","status-publish","hentry"],"_links":{"self":[{"href":"https:\/\/nefrologs.lv\/en\/wp-json\/wp\/v2\/pages\/625","targetHints":{"allow":["GET"]}}],"collection":[{"href":"https:\/\/nefrologs.lv\/en\/wp-json\/wp\/v2\/pages"}],"about":[{"href":"https:\/\/nefrologs.lv\/en\/wp-json\/wp\/v2\/types\/page"}],"author":[{"embeddable":true,"href":"https:\/\/nefrologs.lv\/en\/wp-json\/wp\/v2\/users\/1"}],"replies":[{"embeddable":true,"href":"https:\/\/nefrologs.lv\/en\/wp-json\/wp\/v2\/comments?post=625"}],"version-history":[{"count":9,"href":"https:\/\/nefrologs.lv\/en\/wp-json\/wp\/v2\/pages\/625\/revisions"}],"predecessor-version":[{"id":1197,"href":"https:\/\/nefrologs.lv\/en\/wp-json\/wp\/v2\/pages\/625\/revisions\/1197"}],"wp:attachment":[{"href":"https:\/\/nefrologs.lv\/en\/wp-json\/wp\/v2\/media?parent=625"}],"curies":[{"name":"wp","href":"https:\/\/api.w.org\/{rel}","templated":true}]}}