{"id":612,"date":"2023-05-12T12:59:22","date_gmt":"2023-05-12T11:59:22","guid":{"rendered":"http:\/\/nefrologs.lv\/?page_id=612"},"modified":"2023-12-05T11:23:02","modified_gmt":"2023-12-05T11:23:02","slug":"svarca-vienadojums-glomerularas-filtracijas-atrumam-gfr2009","status":"publish","type":"page","link":"https:\/\/nefrologs.lv\/en\/svarca-vienadojums-glomerularas-filtracijas-atrumam-gfr2009\/","title":{"rendered":"\u0160varca vien\u0101dojums glomerul\u0101r\u0101s filtr\u0101cijas \u0101trumam (GFR)(2009)"},"content":{"rendered":"<!DOCTYPE html>\n<html>\n  <head>\n    <meta charset=\"UTF-8\">\n    <link rel=\"stylesheet\" href=\"style.css\">\n  <\/head>\n  <style>\n    body {\n      font-family: Arial, sans-serif;\n      margin: 0;\n      padding: 0;\n    }\n    form {\n      margin: auto;\n      width: 50%;\n    }\n\n    label {\n      display: inline-block;\n      width: 200px;\n    }\n\n    input[type=\"number\"],\n    select {\n      width: 250px;\n    }\n\n    .button-container {\n      margin-left: 200px;\n    }\n\n    input[type=\"number\"][readonly] {\n      background-color: #eee;\n    }\n\n    .error {\n      color: red;\n    }\n  <\/style>\n  <body>\n    <form action=\"\">\n      <label for=\"height\">Augums (cm):<\/label>\n      <input type=\"number\" id=\"height\" name=\"height\" required>\n      <span id=\"height-error\" class=\"error\"><\/span><br><br>\n      <label for=\"creatinine\">Seruma Kreatin\u012bns (mg\/dL):<\/label>\n      <input type=\"number\" step=\"0.01\" id=\"creatinine\" name=\"creatinine\" required>\n      <span id=\"creatinine-error\" class=\"error\"><\/span><br><br>\n      <div class=\"button-container\">\n        <input type=\"button\" value=\"Apr\u0113\u0137in\u0101t eGFR\" onclick=\"calculateEGFR()\">\n      <\/div>\n      <br><br>\n      <label for=\"egfr\">Paredzamais GFR (mL\/min\/1.73m<sup>2<\/sup>):<\/label>\n      <input type=\"number\" id=\"egfr\" name=\"egfr\" readonly>\n    <input type=\"hidden\" name=\"trp-form-language\" value=\"en\"\/><\/form>\n    <script>\nfunction calculateEGFR() {\n    var height = parseFloat(document.getElementById('height').value);\n    var creatinine = parseFloat(document.getElementById('creatinine').value);\n\n    if (height > 0 && creatinine > 0) {\n        var eGFR = 0.413 * height \/ creatinine;\n        document.getElementById('egfr').value = eGFR.toFixed(2);\n    } else {\n        \/\/ Handle error: Display a message or highlight fields\n        \/\/ For example:\n        if (height <= 0) document.getElementById('height-error').textContent = 'Please enter a valid height.';\n        if (creatinine <= 0) document.getElementById('creatinine-error').textContent = 'Please enter a valid serum creatinine value.';\n    }\n}\n\n\/\/ Make sure to clear error messages when input values are corrected\ndocument.getElementById('height').addEventListener('input', function() {\n    document.getElementById('height-error').textContent = '';\n});\ndocument.getElementById('creatinine').addEventListener('input', function() {\n    document.getElementById('creatinine-error').textContent = '';\n});\n   <\/script>\n  <\/body>\n<\/html>\n\n\n\n<div style=\"height:61px\" aria-hidden=\"true\" class=\"wp-block-spacer\"><\/div>\n\n\n\n<h2 class=\"wp-block-heading\">FORMULA<\/h2>\n\n\n\n<p><strong>\u0160varca vien\u0101dojums:<\/strong><\/p>\n\n\n\n<p>Paredzamais GFR, mL\/min\/1.73 m<sup>2<\/sup>&nbsp;= k \u00d7 augums, cm \/ seruma kreatin\u012bns, mg\/dL<\/p>\n\n\n\n<p>kur k = 0.413<\/p>","protected":false},"excerpt":{"rendered":"<p>Augums (cm): Seruma Kreatin\u012bns (mg\/dL): Paredzamais GFR (mL\/min\/1.73m2): FORMULA \u0160varca vien\u0101dojums: Paredzamais GFR, mL\/min\/1.73 m2&nbsp;= k \u00d7 augums, cm \/ seruma kreatin\u012bns, mg\/dL kur k = 0.413<\/p>","protected":false},"author":1,"featured_media":0,"parent":0,"menu_order":0,"comment_status":"closed","ping_status":"closed","template":"","meta":{"_surecart_dashboard_logo_width":"180px","_surecart_dashboard_show_logo":true,"_surecart_dashboard_navigation_orders":true,"_surecart_dashboard_navigation_invoices":true,"_surecart_dashboard_navigation_subscriptions":true,"_surecart_dashboard_navigation_downloads":true,"_surecart_dashboard_navigation_billing":true,"_surecart_dashboard_navigation_account":true,"site-sidebar-layout":"default","site-content-layout":"","ast-site-content-layout":"default","site-content-style":"default","site-sidebar-style":"default","ast-global-header-display":"","ast-banner-title-visibility":"","ast-main-header-display":"","ast-hfb-above-header-display":"","ast-hfb-below-header-display":"","ast-hfb-mobile-header-display":"","site-post-title":"","ast-breadcrumbs-content":"","ast-featured-img":"","footer-sml-layout":"","theme-transparent-header-meta":"","adv-header-id-meta":"","stick-header-meta":"","header-above-stick-meta":"","header-main-stick-meta":"","header-below-stick-meta":"","astra-migrate-meta-layouts":"default","ast-page-background-enabled":"default","ast-page-background-meta":{"desktop":{"background-color":"","background-image":"","background-repeat":"repeat","background-position":"center center","background-size":"auto","background-attachment":"scroll","background-type":"","background-media":"","overlay-type":"","overlay-color":"","overlay-opacity":"","overlay-gradient":""},"tablet":{"background-color":"","background-image":"","background-repeat":"repeat","background-position":"center center","background-size":"auto","background-attachment":"scroll","background-type":"","background-media":"","overlay-type":"","overlay-color":"","overlay-opacity":"","overlay-gradient":""},"mobile":{"background-color":"","background-image":"","background-repeat":"repeat","background-position":"center center","background-size":"auto","background-attachment":"scroll","background-type":"","background-media":"","overlay-type":"","overlay-color":"","overlay-opacity":"","overlay-gradient":""}},"ast-content-background-meta":{"desktop":{"background-color":"var(--ast-global-color-5)","background-image":"","background-repeat":"repeat","background-position":"center center","background-size":"auto","background-attachment":"scroll","background-type":"","background-media":"","overlay-type":"","overlay-color":"","overlay-opacity":"","overlay-gradient":""},"tablet":{"background-color":"var(--ast-global-color-5)","background-image":"","background-repeat":"repeat","background-position":"center center","background-size":"auto","background-attachment":"scroll","background-type":"","background-media":"","overlay-type":"","overlay-color":"","overlay-opacity":"","overlay-gradient":""},"mobile":{"background-color":"var(--ast-global-color-5)","background-image":"","background-repeat":"repeat","background-position":"center center","background-size":"auto","background-attachment":"scroll","background-type":"","background-media":"","overlay-type":"","overlay-color":"","overlay-opacity":"","overlay-gradient":""}},"_vp_format_video_url":"","_vp_image_focal_point":[],"footnotes":""},"class_list":["post-612","page","type-page","status-publish","hentry"],"_links":{"self":[{"href":"https:\/\/nefrologs.lv\/en\/wp-json\/wp\/v2\/pages\/612","targetHints":{"allow":["GET"]}}],"collection":[{"href":"https:\/\/nefrologs.lv\/en\/wp-json\/wp\/v2\/pages"}],"about":[{"href":"https:\/\/nefrologs.lv\/en\/wp-json\/wp\/v2\/types\/page"}],"author":[{"embeddable":true,"href":"https:\/\/nefrologs.lv\/en\/wp-json\/wp\/v2\/users\/1"}],"replies":[{"embeddable":true,"href":"https:\/\/nefrologs.lv\/en\/wp-json\/wp\/v2\/comments?post=612"}],"version-history":[{"count":14,"href":"https:\/\/nefrologs.lv\/en\/wp-json\/wp\/v2\/pages\/612\/revisions"}],"predecessor-version":[{"id":1196,"href":"https:\/\/nefrologs.lv\/en\/wp-json\/wp\/v2\/pages\/612\/revisions\/1196"}],"wp:attachment":[{"href":"https:\/\/nefrologs.lv\/en\/wp-json\/wp\/v2\/media?parent=612"}],"curies":[{"name":"wp","href":"https:\/\/api.w.org\/{rel}","templated":true}]}}