{"id":535,"date":"2023-05-12T09:33:39","date_gmt":"2023-05-12T08:33:39","guid":{"rendered":"http:\/\/nefrologs.lv\/?page_id=535"},"modified":"2023-12-05T11:16:47","modified_gmt":"2023-12-05T11:16:47","slug":"ckd-epi","status":"publish","type":"page","link":"https:\/\/nefrologs.lv\/en\/ckd-epi\/","title":{"rendered":"CKD-EPI kreatin\u012bna kalkulators"},"content":{"rendered":"<p>2021. gada CKD-EPI vien\u0101dojums tagad ir ieteicamais standarts. \u0160aj\u0101 versij\u0101 nav iek\u013cauta rase.<\/p>\n\n\n\n<p><\/p>\n\n\n\n<!DOCTYPE html>\n<html>\n<head>\n  <meta charset=\"UTF-8\">\n  <link rel=\"stylesheet\" href=\"style.css\">\n<\/head>\n<style>\n  body {\n    font-family: Arial, sans-serif;\n    margin: 0;\n    padding: 0;\n  }\n\n  form {\n    margin: auto;\n    width: 50%;\n  }\n\n  label {\n    display: inline-block;\n    width: 200px;\n  }\n\n  input[type=\"number\"],\n  select {\n    width: 250px;\n  }\n\n  .button-container {\n    margin-left: 200px;\n  }\n\n  input[type=\"number\"][readonly] {\n    background-color: #eee;\n  }\n\n  .error {\n    color: red;\n  }\n<\/style>\n<body>\n<form action=\"\">\n  <label for=\"age\">Vecums (gadi):<\/label>\n  <input type=\"number\" id=\"age\" name=\"age\" required>\n  <span id=\"age-error\" class=\"error\"><\/span><br><br>\n  <label for=\"gender\">Dzimums:<\/label>\n  <select id=\"gender\" name=\"gender\" required>\n    <option value=\"\">&#8212; Izv\u0113l\u0113ties dzimumu &#8212;<\/option>\n    <option value=\"male\">V\u012brietis<\/option>\n    <option value=\"female\">Sieviete<\/option>\n  <\/select>\n  <span id=\"gender-error\" class=\"error\"><\/span><br><br>\n  <label for=\"creatinine\">Seruma Kreatin\u012bns:<\/label>\n  <input type=\"number\" step=\"0.01\" id=\"creatinine\" name=\"creatinine\" required>\n  <span id=\"creatinine-error\" class=\"error\"><\/span><br><br>\n  <label for=\"creatinineUnit\">M\u0113rvien\u012bbas:<\/label>\n  <select id=\"creatinineUnit\" name=\"creatinineUnit\">\n    <option value=\"mg\/dL\">mg\/dL<\/option>\n    <option value=\"\u03bcmol\/L\">\u03bcmol\/L<\/option>\n  <\/select><br><br>\n  <div class=\"button-container\">\n    <input type=\"button\" value=\"Apr\u0113\u0137in\u0101t eGFR\" onclick=\"calculateEGFR()\"><br><br>\n  <\/div>\n  <label for=\"egfr\">Paredzamais GFR (mL\/min\/1.73m<sup>2<\/sup>):<\/label>\n  <input type=\"number\" id=\"egfr\" name=\"egfr\" readonly>\n<input type=\"hidden\" name=\"trp-form-language\" value=\"en\"\/><\/form>\n<script>\nfunction calculateEGFR() {\n    var age = parseInt(document.getElementById('age').value);\n    var gender = document.getElementById('gender').value;\n    var creatinine = parseFloat(document.getElementById('creatinine').value);\n    var creatinineUnit = document.getElementById('creatinineUnit').value;\n\n    \/\/ Convert creatinine to mg\/dL if it's in \u03bcmol\/L\n    if (creatinineUnit === \"\u03bcmol\/L\") {\n        creatinine = creatinine \/ 88.4;\n    }\n\n    var k, alpha, minCr, maxCr;\n\n    if (gender === \"female\") {\n        k = 0.7;\n        alpha = -0.329;\n        minCr = 0.7;\n        maxCr = 2;\n    } else {\n        k = 0.9;\n        alpha = -0.411;\n        minCr = 0.9;\n        maxCr = 1;\n    }\n\n    var scrK = creatinine \/ k;\n    var scrMin = Math.min(scrK, 1);\n    var scrMax = Math.max(scrK, 1);\n\n    var eGFR = 141 * Math.pow(scrMin, alpha) * Math.pow(scrMax, -1.209) * Math.pow(0.993, age);\n    if (gender === \"female\") {\n        eGFR = eGFR * 1.018;\n    }\n\n    \/\/ Display the result\n    document.getElementById('egfr').value = eGFR.toFixed(2);\n}\n<\/script>\n\n\n\n<h2 class=\"wp-block-heading\">FORMULA<\/h2>\n\n\n\n<p><strong>2021&nbsp; CKD-EPI Creatinine&nbsp;<\/strong>= 142 x (Scr\/<em>A<\/em>)<em><sup>B<\/sup><\/em>&nbsp;x 0.9938<sup>vecums&nbsp;<\/sup>x (1.012 ja sieviete), kur&nbsp;<em>A&nbsp;<\/em>un&nbsp;<em>B&nbsp;<\/em>ir sekojo\u0161i:<\/p>\n\n\n\n<figure class=\"wp-block-table\"><table><tbody><tr><td colspan=\"2\"><strong>Sieviete<\/strong><\/td><td colspan=\"2\"><strong>V\u012brietis<\/strong><\/td><\/tr><tr><td><strong>Scr \u22640.7<\/strong><\/td><td><em>A<\/em>&nbsp;= 0.7<br><em>B&nbsp;<\/em>= -0.241<\/td><td><strong>Scr \u22640.9<\/strong><\/td><td><em>A<\/em>&nbsp;= 0.9<br><em>B<\/em>&nbsp;= -0.302<\/td><\/tr><tr><td><strong>Scr &gt;0.7<\/strong><\/td><td>A = 0.7<br>B = -1.2<\/td><td><strong>Scr &gt;0.9<\/strong><\/td><td><em>A<\/em>&nbsp;= 0.9<br><em>B<\/em>&nbsp;= -1.2<\/td><\/tr><\/tbody><\/table><\/figure>","protected":false},"excerpt":{"rendered":"<p>2021. gada CKD-EPI vien\u0101dojums tagad ir ieteicamais standarts. \u0160aj\u0101 versij\u0101 nav iek\u013cauta rase. Vecums (gadi): Dzimums: &#8212; Izv\u0113l\u0113ties dzimumu &#8212;V\u012brietisSieviete Seruma Kreatin\u012bns: M\u0113rvien\u012bbas: mg\/dL\u03bcmol\/L Paredzamais GFR (mL\/min\/1.73m2): FORMULA 2021&nbsp; CKD-EPI Creatinine&nbsp;= 142 x (Scr\/A)B&nbsp;x 0.9938vecums&nbsp;x (1.012 ja sieviete), kur&nbsp;A&nbsp;un&nbsp;B&nbsp;ir sekojo\u0161i: Sieviete V\u012brietis Scr \u22640.7 A&nbsp;= 0.7B&nbsp;= -0.241 Scr \u22640.9 A&nbsp;= 0.9B&nbsp;= -0.302 Scr &gt;0.7 A [&hellip;]<\/p>","protected":false},"author":1,"featured_media":0,"parent":0,"menu_order":0,"comment_status":"closed","ping_status":"closed","template":"","meta":{"_surecart_dashboard_logo_width":"180px","_surecart_dashboard_show_logo":true,"_surecart_dashboard_navigation_orders":true,"_surecart_dashboard_navigation_invoices":true,"_surecart_dashboard_navigation_subscriptions":true,"_surecart_dashboard_navigation_downloads":true,"_surecart_dashboard_navigation_billing":true,"_surecart_dashboard_navigation_account":true,"site-sidebar-layout":"default","site-content-layout":"","ast-site-content-layout":"default","site-content-style":"default","site-sidebar-style":"default","ast-global-header-display":"","ast-banner-title-visibility":"","ast-main-header-display":"","ast-hfb-above-header-display":"","ast-hfb-below-header-display":"","ast-hfb-mobile-header-display":"","site-post-title":"","ast-breadcrumbs-content":"","ast-featured-img":"","footer-sml-layout":"","theme-transparent-header-meta":"","adv-header-id-meta":"","stick-header-meta":"","header-above-stick-meta":"","header-main-stick-meta":"","header-below-stick-meta":"","astra-migrate-meta-layouts":"default","ast-page-background-enabled":"default","ast-page-background-meta":{"desktop":{"background-color":"","background-image":"","background-repeat":"repeat","background-position":"center center","background-size":"auto","background-attachment":"scroll","background-type":"","background-media":"","overlay-type":"","overlay-color":"","overlay-opacity":"","overlay-gradient":""},"tablet":{"background-color":"","background-image":"","background-repeat":"repeat","background-position":"center center","background-size":"auto","background-attachment":"scroll","background-type":"","background-media":"","overlay-type":"","overlay-color":"","overlay-opacity":"","overlay-gradient":""},"mobile":{"background-color":"","background-image":"","background-repeat":"repeat","background-position":"center center","background-size":"auto","background-attachment":"scroll","background-type":"","background-media":"","overlay-type":"","overlay-color":"","overlay-opacity":"","overlay-gradient":""}},"ast-content-background-meta":{"desktop":{"background-color":"var(--ast-global-color-5)","background-image":"","background-repeat":"repeat","background-position":"center center","background-size":"auto","background-attachment":"scroll","background-type":"","background-media":"","overlay-type":"","overlay-color":"","overlay-opacity":"","overlay-gradient":""},"tablet":{"background-color":"var(--ast-global-color-5)","background-image":"","background-repeat":"repeat","background-position":"center center","background-size":"auto","background-attachment":"scroll","background-type":"","background-media":"","overlay-type":"","overlay-color":"","overlay-opacity":"","overlay-gradient":""},"mobile":{"background-color":"var(--ast-global-color-5)","background-image":"","background-repeat":"repeat","background-position":"center center","background-size":"auto","background-attachment":"scroll","background-type":"","background-media":"","overlay-type":"","overlay-color":"","overlay-opacity":"","overlay-gradient":""}},"_vp_format_video_url":"","_vp_image_focal_point":[],"footnotes":""},"class_list":["post-535","page","type-page","status-publish","hentry"],"_links":{"self":[{"href":"https:\/\/nefrologs.lv\/en\/wp-json\/wp\/v2\/pages\/535","targetHints":{"allow":["GET"]}}],"collection":[{"href":"https:\/\/nefrologs.lv\/en\/wp-json\/wp\/v2\/pages"}],"about":[{"href":"https:\/\/nefrologs.lv\/en\/wp-json\/wp\/v2\/types\/page"}],"author":[{"embeddable":true,"href":"https:\/\/nefrologs.lv\/en\/wp-json\/wp\/v2\/users\/1"}],"replies":[{"embeddable":true,"href":"https:\/\/nefrologs.lv\/en\/wp-json\/wp\/v2\/comments?post=535"}],"version-history":[{"count":35,"href":"https:\/\/nefrologs.lv\/en\/wp-json\/wp\/v2\/pages\/535\/revisions"}],"predecessor-version":[{"id":1194,"href":"https:\/\/nefrologs.lv\/en\/wp-json\/wp\/v2\/pages\/535\/revisions\/1194"}],"wp:attachment":[{"href":"https:\/\/nefrologs.lv\/en\/wp-json\/wp\/v2\/media?parent=535"}],"curies":[{"name":"wp","href":"https:\/\/api.w.org\/{rel}","templated":true}]}}