{"id":31,"date":"2023-02-12T13:13:57","date_gmt":"2023-02-12T13:13:57","guid":{"rendered":"http:\/\/nefrologs.lv\/?page_id=31"},"modified":"2025-06-04T22:02:19","modified_gmt":"2025-06-04T19:02:19","slug":"valde","status":"publish","type":"page","link":"https:\/\/nefrologs.lv\/en\/valde\/","title":{"rendered":"The Board"},"content":{"rendered":"<figure class=\"wp-block-table is-style-stripes\"><table><tbody><tr><td>The President<\/td><td>Prof. Inese Folkmane<br><a href=\"mailto:ieva.ziedina@stradini.lv\"><a href=\"mailto:inese.folkmane@stradini.lv\" target=\"_blank\" rel=\"noreferrer noopener\">inese.folkmane@stradini.lv<\/a><\/a><\/td><\/tr><tr><td>Vice-President<\/td><td>Asoc. prof. Ieva Ziedi\u0146a<br><a href=\"mailto:viktorija.kuzema@gmail.com\"><a href=\"mailto:ieva.ziedina@stradini.lv\">ieva.ziedina@stradini.lv<\/a><\/a><\/td><\/tr><tr><td>Secretary - Treasurer<\/td><td>Dr. Maija Motiv\u0101ne<br><a rel=\"noreferrer noopener\" href=\"mailto:mmotivane@gmail.com\" target=\"_blank\">mmotivane@gmail.com<\/a><\/td><\/tr><tr><td>Members<\/td><td>Asoc.prof. Viktorija Kuzema<\/td><\/tr><tr><td><\/td><td>Prof. Inese Mihailova<\/td><\/tr><tr><td><\/td><td>Doc. K\u0101rlis R\u0101cenis<\/td><\/tr><tr><td><\/td><td>Dr. Anna Popova<\/td><\/tr><tr><td><\/td><td>Dr. Baiba Run\u010da<\/td><\/tr><\/tbody><\/table><\/figure>\n\n\n\n<p><\/p>","protected":false},"excerpt":{"rendered":"<p>Prezidente Prof. Inese Folkmaneinese.folkmane@stradini.lv Viceprezidente Asoc. prof. Ieva Ziedi\u0146aieva.ziedina@stradini.lv Sekret\u0101re \u2013 mantzine Dr. Maija Motiv\u0101nemmotivane@gmail.com Locek\u013ci Asoc.prof. Viktorija Kuzema Prof. Inese Mihailova Doc. K\u0101rlis R\u0101cenis Dr. Anna Popova Dr. Baiba Run\u010da<\/p>","protected":false},"author":1,"featured_media":0,"parent":0,"menu_order":0,"comment_status":"closed","ping_status":"closed","template":"","meta":{"_surecart_dashboard_logo_width":"180px","_surecart_dashboard_show_logo":true,"_surecart_dashboard_navigation_orders":true,"_surecart_dashboard_navigation_invoices":true,"_surecart_dashboard_navigation_subscriptions":true,"_surecart_dashboard_navigation_downloads":true,"_surecart_dashboard_navigation_billing":true,"_surecart_dashboard_navigation_account":true,"site-sidebar-layout":"default","site-content-layout":"","ast-site-content-layout":"default","site-content-style":"default","site-sidebar-style":"default","ast-global-header-display":"","ast-banner-title-visibility":"","ast-main-header-display":"","ast-hfb-above-header-display":"","ast-hfb-below-header-display":"","ast-hfb-mobile-header-display":"","site-post-title":"","ast-breadcrumbs-content":"","ast-featured-img":"","footer-sml-layout":"","theme-transparent-header-meta":"","adv-header-id-meta":"","stick-header-meta":"","header-above-stick-meta":"","header-main-stick-meta":"","header-below-stick-meta":"","astra-migrate-meta-layouts":"set","ast-page-background-enabled":"default","ast-page-background-meta":{"desktop":{"background-color":"","background-image":"","background-repeat":"repeat","background-position":"center center","background-size":"auto","background-attachment":"scroll","background-type":"","background-media":"","overlay-type":"","overlay-color":"","overlay-gradient":""},"tablet":{"background-color":"","background-image":"","background-repeat":"repeat","background-position":"center center","background-size":"auto","background-attachment":"scroll","background-type":"","background-media":"","overlay-type":"","overlay-color":"","overlay-gradient":""},"mobile":{"background-color":"","background-image":"","background-repeat":"repeat","background-position":"center center","background-size":"auto","background-attachment":"scroll","background-type":"","background-media":"","overlay-type":"","overlay-color":"","overlay-gradient":""}},"ast-content-background-meta":{"desktop":{"background-color":"var(--ast-global-color-5)","background-image":"","background-repeat":"repeat","background-position":"center center","background-size":"auto","background-attachment":"scroll","background-type":"","background-media":"","overlay-type":"","overlay-color":"","overlay-gradient":""},"tablet":{"background-color":"var(--ast-global-color-5)","background-image":"","background-repeat":"repeat","background-position":"center center","background-size":"auto","background-attachment":"scroll","background-type":"","background-media":"","overlay-type":"","overlay-color":"","overlay-gradient":""},"mobile":{"background-color":"var(--ast-global-color-5)","background-image":"","background-repeat":"repeat","background-position":"center center","background-size":"auto","background-attachment":"scroll","background-type":"","background-media":"","overlay-type":"","overlay-color":"","overlay-gradient":""}},"_vp_format_video_url":"","_vp_image_focal_point":[],"footnotes":""},"class_list":["post-31","page","type-page","status-publish","hentry"],"_links":{"self":[{"href":"https:\/\/nefrologs.lv\/en\/wp-json\/wp\/v2\/pages\/31","targetHints":{"allow":["GET"]}}],"collection":[{"href":"https:\/\/nefrologs.lv\/en\/wp-json\/wp\/v2\/pages"}],"about":[{"href":"https:\/\/nefrologs.lv\/en\/wp-json\/wp\/v2\/types\/page"}],"author":[{"embeddable":true,"href":"https:\/\/nefrologs.lv\/en\/wp-json\/wp\/v2\/users\/1"}],"replies":[{"embeddable":true,"href":"https:\/\/nefrologs.lv\/en\/wp-json\/wp\/v2\/comments?post=31"}],"version-history":[{"count":11,"href":"https:\/\/nefrologs.lv\/en\/wp-json\/wp\/v2\/pages\/31\/revisions"}],"predecessor-version":[{"id":1643,"href":"https:\/\/nefrologs.lv\/en\/wp-json\/wp\/v2\/pages\/31\/revisions\/1643"}],"wp:attachment":[{"href":"https:\/\/nefrologs.lv\/en\/wp-json\/wp\/v2\/media?parent=31"}],"curies":[{"name":"wp","href":"https:\/\/api.w.org\/{rel}","templated":true}]}}