{"id":30,"date":"2023-02-12T13:13:57","date_gmt":"2023-02-12T13:13:57","guid":{"rendered":"http:\/\/nefrologs.lv\/?page_id=30"},"modified":"2023-09-04T07:06:28","modified_gmt":"2023-09-04T06:06:28","slug":"komisijas","status":"publish","type":"page","link":"https:\/\/nefrologs.lv\/en\/komisijas\/","title":{"rendered":"Commission"},"content":{"rendered":"<figure class=\"wp-block-table is-style-stripes\"><table><tbody><tr><td>CERTIFICATION COMMISSION FOR ADULT NEPHROLOGISTS<\/td><td><\/td><\/tr><tr><td>The Chair<\/td><td>Prof. Inese Mihailova<\/td><\/tr><tr><td>The Secretary<\/td><td>Dr.&nbsp;Ilze Puide<\/td><\/tr><tr><td><\/td><td>Asoc. prof. Viktorija Kuzema<\/td><\/tr><tr><td><\/td><td>Asoc. prof.\u00a0Ieva Ziedi\u0146a<\/td><\/tr><tr><td><\/td><td>Dr.&nbsp;Maija Motiv\u0101ne<\/td><\/tr><tr><td>CERTIFICATION COMMISSION FOR PAEDIATRIC NEPHROLOGISTS<\/td><td><\/td><\/tr><tr><td><\/td><td>Dr.&nbsp;Ilze Andersone<\/td><\/tr><tr><td><\/td><td>Dr. Ineta Sos\u0101re<\/td><\/tr><tr><td><\/td><td>Dr.&nbsp;Sandra Derkevica<\/td><\/tr><\/tbody><\/table><\/figure>","protected":false},"excerpt":{"rendered":"<p>PIEAUGU\u0160O NEFROLOGU SERTIFIK\u0100CIJAS KOMISIJA Priek\u0161s\u0113d\u0113t\u0101ja Prof. Inese Mihailova Sekeret\u0101re Dr.&nbsp;Ilze Puide Asoc. prof. Viktorija Kuzema Asoc. prof.\u00a0Ieva Ziedi\u0146a Dr.&nbsp;Maija Motiv\u0101ne B\u0112RNU NEFROLOGU SERTIFIK\u0100CIJAS KOMISJA Dr.&nbsp;Ilze Andersone Dr. Ineta Sos\u0101re Dr.&nbsp;Sandra Derkevica<\/p>","protected":false},"author":1,"featured_media":0,"parent":0,"menu_order":0,"comment_status":"closed","ping_status":"closed","template":"","meta":{"_surecart_dashboard_logo_width":"180px","_surecart_dashboard_show_logo":true,"_surecart_dashboard_navigation_orders":true,"_surecart_dashboard_navigation_invoices":true,"_surecart_dashboard_navigation_subscriptions":true,"_surecart_dashboard_navigation_downloads":true,"_surecart_dashboard_navigation_billing":true,"_surecart_dashboard_navigation_account":true,"site-sidebar-layout":"default","site-content-layout":"","ast-site-content-layout":"default","site-content-style":"default","site-sidebar-style":"default","ast-global-header-display":"","ast-banner-title-visibility":"","ast-main-header-display":"","ast-hfb-above-header-display":"","ast-hfb-below-header-display":"","ast-hfb-mobile-header-display":"","site-post-title":"","ast-breadcrumbs-content":"","ast-featured-img":"","footer-sml-layout":"","theme-transparent-header-meta":"","adv-header-id-meta":"","stick-header-meta":"","header-above-stick-meta":"","header-main-stick-meta":"","header-below-stick-meta":"","astra-migrate-meta-layouts":"default","ast-page-background-enabled":"default","ast-page-background-meta":{"desktop":{"background-color":"","background-image":"","background-repeat":"repeat","background-position":"center center","background-size":"auto","background-attachment":"scroll","background-type":"","background-media":"","overlay-type":"","overlay-color":"","overlay-opacity":"","overlay-gradient":""},"tablet":{"background-color":"","background-image":"","background-repeat":"repeat","background-position":"center center","background-size":"auto","background-attachment":"scroll","background-type":"","background-media":"","overlay-type":"","overlay-color":"","overlay-opacity":"","overlay-gradient":""},"mobile":{"background-color":"","background-image":"","background-repeat":"repeat","background-position":"center center","background-size":"auto","background-attachment":"scroll","background-type":"","background-media":"","overlay-type":"","overlay-color":"","overlay-opacity":"","overlay-gradient":""}},"ast-content-background-meta":{"desktop":{"background-color":"var(--ast-global-color-5)","background-image":"","background-repeat":"repeat","background-position":"center center","background-size":"auto","background-attachment":"scroll","background-type":"","background-media":"","overlay-type":"","overlay-color":"","overlay-opacity":"","overlay-gradient":""},"tablet":{"background-color":"var(--ast-global-color-5)","background-image":"","background-repeat":"repeat","background-position":"center center","background-size":"auto","background-attachment":"scroll","background-type":"","background-media":"","overlay-type":"","overlay-color":"","overlay-opacity":"","overlay-gradient":""},"mobile":{"background-color":"var(--ast-global-color-5)","background-image":"","background-repeat":"repeat","background-position":"center center","background-size":"auto","background-attachment":"scroll","background-type":"","background-media":"","overlay-type":"","overlay-color":"","overlay-opacity":"","overlay-gradient":""}},"_vp_format_video_url":"","_vp_image_focal_point":[],"footnotes":""},"class_list":["post-30","page","type-page","status-publish","hentry"],"_links":{"self":[{"href":"https:\/\/nefrologs.lv\/en\/wp-json\/wp\/v2\/pages\/30","targetHints":{"allow":["GET"]}}],"collection":[{"href":"https:\/\/nefrologs.lv\/en\/wp-json\/wp\/v2\/pages"}],"about":[{"href":"https:\/\/nefrologs.lv\/en\/wp-json\/wp\/v2\/types\/page"}],"author":[{"embeddable":true,"href":"https:\/\/nefrologs.lv\/en\/wp-json\/wp\/v2\/users\/1"}],"replies":[{"embeddable":true,"href":"https:\/\/nefrologs.lv\/en\/wp-json\/wp\/v2\/comments?post=30"}],"version-history":[{"count":5,"href":"https:\/\/nefrologs.lv\/en\/wp-json\/wp\/v2\/pages\/30\/revisions"}],"predecessor-version":[{"id":815,"href":"https:\/\/nefrologs.lv\/en\/wp-json\/wp\/v2\/pages\/30\/revisions\/815"}],"wp:attachment":[{"href":"https:\/\/nefrologs.lv\/en\/wp-json\/wp\/v2\/media?parent=30"}],"curies":[{"name":"wp","href":"https:\/\/api.w.org\/{rel}","templated":true}]}}