{"id":29,"date":"2023-02-12T13:13:57","date_gmt":"2023-02-12T13:13:57","guid":{"rendered":"http:\/\/nefrologs.lv\/?page_id=29"},"modified":"2023-02-27T12:53:54","modified_gmt":"2023-02-27T12:53:54","slug":"statuti","status":"publish","type":"page","link":"https:\/\/nefrologs.lv\/en\/statuti\/","title":{"rendered":"Statutes"},"content":{"rendered":"<p>LATVIAN ASSOCIATION OF NEPHROLOGISTS<br>Statutes<br><strong>Chapter 1. Name of the Society.<\/strong><br>1.1 The name of the Association is \"Latvian Association of Nephrologists\" \/LNA\/. It is an independent scientific and practical public association without economic aims.<br>1.2 The LNA shall have the status of a legal person, its own attributes, seal and bank account.<br>1.3 The address for correspondence of the LNA shall be the Latvian Association of Nephrologists, 13 Pilso\u0146u Street, Riga, LV-1002, Latvia.<\/p>\n\n\n\n<p><strong>Chapter 2. Objectives of the Society.<\/strong><br>2.1 The objectives of the LNA are to benefit society:<br>2.1.1. the promotion and dissemination of scientific knowledge in the field of nephrology;<br>2.1.2. promoting the professional development of nephrologists in Latvia and abroad;<br>2.1.3. professional protection for nephrologists.<br>2.2 The LNA pursues its objectives:<br>2.2.1. veicot nefrolo\u0123ijas jom\u0101 str\u0101d\u0101jo\u0161o zin\u0101tnieku kontaktus;<br>2.2.2. by organising scientific congresses, conferences and workshops;<br>2.2.3. exchanging experiences with other organisations and institutes in the field of nephrology;<br>2.2.4. certification of nephrologists;<br>2.2.5. other activities contributing to the development of nephrology science and practice in Latvia.<\/p>\n\n\n\n<p><strong>Chapter 3. Duration of the Society.<\/strong><br>3.1 The Association is established for an indefinite period.<\/p>\n\n\n\n<p><strong>4. noda\u013ca. Biedru iesaist\u012b\u0161an\u0101s.<\/strong><br>4.1. Biedr\u012bb\u0101 \u201eLatvijas Nefrologu asoci\u0101cija\u201d var iest\u0101ties katrs, kur\u0161:<br>4.1.1. veic zin\u0101tniskus p\u0113t\u012bjumus nefrolo\u0123ijas jom\u0101 un ir public\u0113jis vismaz vienu zin\u0101tnisku darbu;<br>4.1.2. ieguvis nefrologa sertifik\u0101tu;<br>4.1.3. ilgsto\u0161i str\u0101d\u0101jis kl\u012bnisko darbu nefrologa specialit\u0101t\u0113;<br>4.1.4. nefrolo\u0123ijas rezidenti;<br>4.1.5. citu \u0101rstniec\u012bbas specialit\u0101\u0161u p\u0101rst\u0101vji, kuri ieinteres\u0113ti biedr\u012bbas darb\u012bb\u0101.<br>4.2. Jaunu biedru uz\u0146em\u0161anu veic Valde. Uz\u0146em\u0161anai nepiecie\u0161ams:<br>4.2.1. rakstisks pretendenta iesniegums;<br>4.2.2. zin\u0101tnisko darbu saraksts;<br>4.2.3. kvalifik\u0101cijas dokumenti;<br>4.2.4. kl\u012bnisk\u0101 darba raksturojums;<br>4.2.5. divu LNA biedru rakstiskas rekomend\u0101cijas.<br>4.3. L\u0113mumu par biedra uz\u0146em\u0161anu LNA pie\u0146em Valde. Valdei pieteic\u0113ja l\u016bgums ir j\u0101izskata tuv\u0101k\u0101s s\u0113des laik\u0101, ta\u010du ne ilg\u0101k k\u0101 divu ned\u0113\u013cu laik\u0101 no visu nepiecie\u0161amo dokumentu sa\u0146em\u0161anas br\u012b\u017ea. Uz Valdes s\u0113di, kur\u0101 izskata pieteic\u0113ja l\u016bgumu, ir j\u0101uzaicina pats pieteic\u0113js un j\u0101dod v\u0101rds sava viedok\u013ca pau\u0161anai. Pieteic\u0113ja neiera\u0161an\u0101s nav \u0161\u0137\u0113rslis Valdes l\u0113muma pie\u0146em\u0161anai. Valdei motiv\u0113ts l\u0113mums rakstveid\u0101 j\u0101pazi\u0146o pieteic\u0113jam ned\u0113\u013cas laik\u0101 no t\u0101 pie\u0146em\u0161anas br\u012b\u017ea.<br>4.4. Valdes noraido\u0161o l\u0113mumu pieteic\u0113js rakstveid\u0101 var p\u0101rs\u016bdz\u0113t biedru kopsapulc\u0113. K\u0101 ar\u012b biedru kopsapulce noraida pieteic\u0113ju l\u016bgumu, pieteic\u0113js nav uz\u0146emts par LNA biedru, un vi\u0146\u0161 var iesniegt atk\u0101rtotu pieteikumu ne \u0101tr\u0101k k\u0101 p\u0113c gada termi\u0146a beig\u0161an\u0101s;<br>4.5. Biedrs var jebkur\u0101 laik\u0101 izst\u0101ties no LNA rakstveid\u0101 pazi\u0146ojot par to Valdei.<br>4.6. Biedru var izsl\u0113gt no LNA ar Valdes l\u0113mumu, ja:<br>4.6.1. biedrs vair\u0101k k\u0101 2 gadus nav nomaks\u0101jis biedru naudu;<br>4.6.2. biedrs nepilda kopsapulces un Valdes l\u0113mumus;<br>4.6.3. biedrs nepilda savus pien\u0101kumus un uz\u0146emt\u0101s saist\u012bbas;<br>4.6.4. biedrs veic citu darbu, kas ir pretrun\u0101 ar \u0161ajos stat\u016btos noteikto.<br>4.6.5. Jaut\u0101jumu par LNA biedra izsl\u0113g\u0161anu Valde izskata tuv\u0101k\u0101s s\u0113des laik\u0101, uzaicinot izsl\u0113dzamo biedru un dodot vi\u0146am v\u0101rdu sava viedok\u013ca pau\u0161anai. Izsl\u0113dzam\u0101 biedra neiera\u0161an\u0101s nav \u0161\u0137\u0113rslis Valdes l\u0113muma pie\u0146em\u0161anai. Valdei l\u0113mums par biedra izsl\u0113g\u0161anu no biedr\u012bbas un \u0161\u0101 l\u0113muma motiv\u0101ciju j\u0101pazi\u0146o rakstveid\u0101 izsl\u0113dzamajam biedram piecu dienu laik\u0101 no t\u0101 pie\u0146em\u0161anas br\u012b\u017ea.<br>4.6.6. P\u0113c biedra naudas nomaksas Valde var uz\u0146emt biedru atpaka\u013c bez nepiecie\u0161am\u0101m formalit\u0101t\u0113m.<\/p>\n\n\n\n<p><strong>5. noda\u013ca. Biedru ties\u012bbas un pien\u0101kumi.<\/strong><br>5.1. LNA biedriem ir \u0161\u0101das ties\u012bbas:<br>5.1.1. piedal\u012bties LNA p\u0101rvald\u0113;<br>5.1.2. sa\u0146emt inform\u0101ciju par LNA darb\u012bbu, tai skait\u0101 iepaz\u012bties ar visu LNA instit\u016bciju protokoliem, l\u0113mumiem un r\u012bkojumiem;<br>5.1.3. piedal\u012bties visos LNA organiz\u0113tos pas\u0101kumos, iesniegt priek\u0161likumus par LNA darb\u012bbu un t\u0101s uzlabo\u0161anu, aizst\u0101v\u0113t savu viedokli.<br>5.2. LNA biedru pien\u0101kumi:<br>5.2.1. iev\u0113rot LNA stat\u016btus un pild\u012bt biedru sapulces un Valdes l\u0113mumus;<br>5.2.2. regul\u0101ri maks\u0101t biedra naudu;<br>5.2.3. ar savu akt\u012bvu l\u012bdzdal\u012bbu atbalst\u012bt LNA m\u0113r\u0137a un uzdevumu realiz\u0113\u0161anu.<br>5.3. Saist\u012bbas biedram var noteikt ar biedru sapulces vai Valdes l\u0113mumu. Nosakot biedram saist\u012bbas, kas at\u0161\u0137iras no citu biedru saist\u012bb\u0101m, ir nepiecie\u0161ama \u0161\u0101 biedra piekri\u0161ana.<\/p>\n\n\n\n<p><strong>6. noda\u013ca. Biedr\u012bbas strukt\u016brvien\u012bbas.<\/strong><br>6.1. Biedr\u012bba \u201eLatvijas Nefrologu asoci\u0101cija\u201d neveido strukt\u016brvien\u012bbas.<\/p>\n\n\n\n<p><strong>7. noda\u013ca. Biedru sapulces sasauk\u0161ana un l\u0113mumu pie\u0146em\u0161ana.<\/strong><br>7.1. Biedru sapulce ir augst\u0101k\u0101 Biedr\u012bbas l\u0113m\u0113jinstit\u016bcija.<br>7.2. Biedru sapulc\u0113 ir ties\u012bgi piedal\u012bties visi Biedr\u012bbas biedri. Biedri var piedal\u012bties biedru sapulc\u0113 tikai person\u012bgi.<br>7.3. K\u0101rt\u0113j\u0101 biedru sapulce tiek sasaukta vienu reizi gad\u0101 \u2013 ne v\u0113l\u0101k k\u0101 l\u012bdz 1. j\u016bnijam.<br>7.4. \u2002rk\u0101rtas biedru sapulce var tikt sasaukta p\u0113c Valdes iniciat\u012bvas, vai, ja to rakstveid\u0101 pieprasa ne maz\u0101k k\u0101 viena desmit\u0101 da\u013ca LNA biedru, nor\u0101dot sasauk\u0161anas iemeslu.<br>7.5. Biedru sapulce tiek sasaukta, ne v\u0113l\u0101k k\u0101 divas ned\u0113\u013cas pirms sapulces nos\u016btot katram biedram rakstisku uzaicin\u0101jumu.<br>7.6. Biedru sapulce ir lemtties\u012bga, ja taj\u0101 piedal\u0101s vair\u0101k k\u0101 puse no biedriem.<br>7.7. Ja biedru sapulce nav lemtties\u012bga kvoruma tr\u016bkuma d\u0113\u013c, tr\u012bs ned\u0113\u013cu laik\u0101 tiek sasaukta atk\u0101rtota biedru sapulce, kas ir ties\u012bga pie\u0146emt l\u0113mumus neatkar\u012bgi no kl\u0101teso\u0161o biedru<br>skaita, ar nosac\u012bjumu, ka taj\u0101 piedal\u0101s vismaz divi biedri.<br>7.8. Biedru sapulces l\u0113mums ir pie\u0146emts, ja par to nobalso vair\u0101k k\u0101 puse no kl\u0101teso\u0161ajiem biedriem. L\u0113mums par stat\u016btu groz\u012bjumiem, LNA biedr\u012bbas izbeig\u0161anu un turpin\u0101\u0161anu ir pie\u0146emts, ja par to nobalso vair\u0101k nek\u0101 divas tre\u0161da\u013cas no kl\u0101teso\u0161ajiem biedriem.<\/p>\n\n\n\n<p><strong>8. noda\u013ca. Izpildinstit\u016bcija.<\/strong><br>8.1. LNA izpildinstit\u016bcija ir Valde, kas sast\u0101v no 8 Valdes locek\u013ciem.<br>8.2. Valdi iev\u0113l biedru sapulc\u0113 uz 2 gadiem.<br>8.3. Priek\u0161s\u0113di, priek\u0161s\u0113\u017ea vietnieku un sekret\u0101ru, kur\u0161 vienlaic\u012bgi ir ar\u012b mantzinis, iev\u0113l pilnsapulc\u0113 uz 2 gadiem.<br>8.4. Atk\u0101rtota priek\u0161s\u0113\u017ea v\u0113l\u0113\u0161anas iesp\u0113jamas ne vair\u0101k k\u0101 divus termi\u0146us no vietas. Priek\u0161s\u0113dis paliek amat\u0101 l\u012bdz jaunas Valdes v\u0113l\u0113\u0161an\u0101m.<br>8.5. Priek\u0161s\u0113di iev\u0113l biedru sapulc\u0113 uz 2 gadiem. Atk\u0101rtota iev\u0113l\u0113\u0161ana iesp\u0113jama ne vair\u0101k k\u0101 divus termi\u0146us no vietas.<br>8.6. Visiem valdes locek\u013ciem katram atsevi\u0161\u0137i ir p\u0101rst\u0101vniec\u012bbas ties\u012bbas.<br>8.7. Valdes loceklis pilda savus pien\u0101kumus bez atl\u012bdz\u012bbas.<br>8.8. Par katru Valdes s\u0113di j\u0101sagatavo protokols, ko paraksta priek\u0161s\u0113d\u0113t\u0101js un sekret\u0101rs.<\/p>\n\n\n\n<p><strong>9. noda\u013ca. Revidenti.<\/strong><br>9.1. LNA finansi\u0101l\u0101s un saimniecisk\u0101s darb\u012bbas kontroli veic 3 revidenti, kurus iev\u0113l biedru sapulce uz 2 gadiem.<br>9.2. LNA revidenti nevar b\u016bt t\u0101s Valdes locek\u013ci.<br>9.3. Revidenti:<br>9.3.1. veic LNA mantas un finan\u0161u l\u012bdzek\u013cu rev\u012bziju;<br>9.3.2. dod atzinumu par LNA bud\u017eetu un gada p\u0101rskatu;<br>9.3.3. izv\u0113rt\u0113 LNA gr\u0101matved\u012bbas un lietved\u012bbas darbu;<br>9.4. Revidenti veic rev\u012bziju biedru sapulces noteiktos termi\u0146os, ta\u010du ne ret\u0101k k\u0101 reizi gad\u0101.<br>9.5. Biedru sapulce apstiprina LNA gada p\u0101rskatu tikai p\u0113c revidentu atzinuma sa\u0146em\u0161anas.<\/p>\n\n\n\n<p><strong>10. noda\u013ca. Biedr\u012bbas l\u012bdzek\u013ci. Biedru nauda.<\/strong><br>10.1. LNA l\u012bdzek\u013cus veido:<br>10.1.1. iest\u0101\u0161an\u0101s maksa;<br>10.1.2. biedru naudas;<br>10.1.3. iesp\u0113jamiem asign\u0113jumi no valsts bud\u017eeta;<br>10.1.4. br\u012bvpr\u0101t\u012bgi ziedojumi u.c. ien\u0101kumi;<br>10.1.5. maksa par sertifik\u0101cijas un resertifik\u0101cijas veik\u0161anu.<br>10.2. iest\u0101\u0161an\u0101s maksa un biedru naudas lielumu nosaka Valde. Biedru nauda nomaks\u0101jama vienu reizi gad\u0101 l\u012bdz pilnsapulcei. LNA l\u012bdzek\u013ci izmantojami asoci\u0101cijas darb\u012bbas nodro\u0161in\u0101\u0161anai un stat\u016btos paredz\u0113to m\u0113r\u0137u \u012bsteno\u0161anai. LNA biedri nesa\u0146em nek\u0101du ien\u0101kumu da\u013cu.<\/p>\n\n\n\n<p>Stat\u016btu izmai\u0146as apstiprin\u0101tas LNA pilnsapulc\u0113 2004. gada 25. septembr\u012b.<br>Stat\u016btu gala variants apstiprin\u0101ts LNA pilnsapulc\u0113 2005.gada 29. septembr\u012b.<br>Apstiprin\u0101ti LR Uz\u0146\u0113mumu re\u0123istr\u0101 2006. gada 13. mart\u0101.<\/p>","protected":false},"excerpt":{"rendered":"<p>LATVIJAS NEFROLOGU ASOCI\u0100CIJASSTAT\u016aTI1. noda\u013ca. Biedr\u012bbas nosaukums.1.1. Biedr\u012bbas nosaukums ir \u201eLatvijas Nefrologu asoci\u0101cija\u201d \/LNA\/. T\u0101 ir patst\u0101v\u012bga zin\u0101tniska un praktiska sabiedriska apvien\u012bba bez saimnieciskiem m\u0113r\u0137iem.1.2. LNA ir juridiskas personas statuss, sava atrib\u016btika, z\u012bmogs un konts bank\u0101.1.3. LNA adrese sarakstei: Latvijas Nefrologu asoci\u0101cija, Pilso\u0146u iel\u0101 13, R\u012bg\u0101, LV-1002,Latvija. 2. noda\u013ca. Biedr\u012bbas m\u0113r\u0137i.2.1. LNA m\u0113r\u0137i ir sabiedr\u012bbai noder\u012bga [&hellip;]<\/p>","protected":false},"author":1,"featured_media":0,"parent":0,"menu_order":0,"comment_status":"closed","ping_status":"closed","template":"","meta":{"_surecart_dashboard_logo_width":"180px","_surecart_dashboard_show_logo":true,"_surecart_dashboard_navigation_orders":true,"_surecart_dashboard_navigation_invoices":true,"_surecart_dashboard_navigation_subscriptions":true,"_surecart_dashboard_navigation_downloads":true,"_surecart_dashboard_navigation_billing":true,"_surecart_dashboard_navigation_account":true,"site-sidebar-layout":"default","site-content-layout":"","ast-site-content-layout":"default","site-content-style":"default","site-sidebar-style":"default","ast-global-header-display":"","ast-banner-title-visibility":"","ast-main-header-display":"","ast-hfb-above-header-display":"","ast-hfb-below-header-display":"","ast-hfb-mobile-header-display":"","site-post-title":"","ast-breadcrumbs-content":"","ast-featured-img":"","footer-sml-layout":"","theme-transparent-header-meta":"","adv-header-id-meta":"","stick-header-meta":"","header-above-stick-meta":"","header-main-stick-meta":"","header-below-stick-meta":"","astra-migrate-meta-layouts":"default","ast-page-background-enabled":"default","ast-page-background-meta":{"desktop":{"background-color":"","background-image":"","background-repeat":"repeat","background-position":"center center","background-size":"auto","background-attachment":"scroll","background-type":"","background-media":"","overlay-type":"","overlay-color":"","overlay-opacity":"","overlay-gradient":""},"tablet":{"background-color":"","background-image":"","background-repeat":"repeat","background-position":"center center","background-size":"auto","background-attachment":"scroll","background-type":"","background-media":"","overlay-type":"","overlay-color":"","overlay-opacity":"","overlay-gradient":""},"mobile":{"background-color":"","background-image":"","background-repeat":"repeat","background-position":"center center","background-size":"auto","background-attachment":"scroll","background-type":"","background-media":"","overlay-type":"","overlay-color":"","overlay-opacity":"","overlay-gradient":""}},"ast-content-background-meta":{"desktop":{"background-color":"var(--ast-global-color-5)","background-image":"","background-repeat":"repeat","background-position":"center center","background-size":"auto","background-attachment":"scroll","background-type":"","background-media":"","overlay-type":"","overlay-color":"","overlay-opacity":"","overlay-gradient":""},"tablet":{"background-color":"var(--ast-global-color-5)","background-image":"","background-repeat":"repeat","background-position":"center center","background-size":"auto","background-attachment":"scroll","background-type":"","background-media":"","overlay-type":"","overlay-color":"","overlay-opacity":"","overlay-gradient":""},"mobile":{"background-color":"var(--ast-global-color-5)","background-image":"","background-repeat":"repeat","background-position":"center center","background-size":"auto","background-attachment":"scroll","background-type":"","background-media":"","overlay-type":"","overlay-color":"","overlay-opacity":"","overlay-gradient":""}},"_vp_format_video_url":"","_vp_image_focal_point":[],"footnotes":""},"class_list":["post-29","page","type-page","status-publish","hentry"],"_links":{"self":[{"href":"https:\/\/nefrologs.lv\/en\/wp-json\/wp\/v2\/pages\/29","targetHints":{"allow":["GET"]}}],"collection":[{"href":"https:\/\/nefrologs.lv\/en\/wp-json\/wp\/v2\/pages"}],"about":[{"href":"https:\/\/nefrologs.lv\/en\/wp-json\/wp\/v2\/types\/page"}],"author":[{"embeddable":true,"href":"https:\/\/nefrologs.lv\/en\/wp-json\/wp\/v2\/users\/1"}],"replies":[{"embeddable":true,"href":"https:\/\/nefrologs.lv\/en\/wp-json\/wp\/v2\/comments?post=29"}],"version-history":[{"count":6,"href":"https:\/\/nefrologs.lv\/en\/wp-json\/wp\/v2\/pages\/29\/revisions"}],"predecessor-version":[{"id":107,"href":"https:\/\/nefrologs.lv\/en\/wp-json\/wp\/v2\/pages\/29\/revisions\/107"}],"wp:attachment":[{"href":"https:\/\/nefrologs.lv\/en\/wp-json\/wp\/v2\/media?parent=29"}],"curies":[{"name":"wp","href":"https:\/\/api.w.org\/{rel}","templated":true}]}}