{"id":2,"date":"2017-08-14T06:51:40","date_gmt":"2017-08-14T06:51:40","guid":{"rendered":"http:\/\/nefrologs.lv\/home-2\/"},"modified":"2025-09-24T18:39:23","modified_gmt":"2025-09-24T15:39:23","slug":"home","status":"publish","type":"page","link":"https:\/\/nefrologs.lv\/en\/","title":{"rendered":"Home"},"content":{"rendered":"<p>The Latvian Association of Nephrologists was founded on 23 February 1992. The objectives of the LNA are to develop and improve the treatment of kidney diseases and renal replacement therapy in Latvia, to support and promote professional training and research in the field of nephrology, to bring the quality and evaluation of nephrologists work closer to the level of other EU countries.<\/p>\n<p>LNA r\u012bko ikm\u0113ne\u0161a s\u0113des, organiz\u0113 kursus un reizi 6 gados &#8211; Baltijas Nefrolo\u0123ijas konferenci. Nefrologu asoci\u0101cij\u0101 \u0161obr\u012bd ir 63 akt\u012bvi biedri. T\u0101s pirmais prezidents ir Prof. Ilm\u0101rs Lazovskis.<\/p>\n<h2>\n\t\t\tOur team\t<\/h2>\n\t\t\t\t<img decoding=\"async\" src=\"http:\/\/nefrologs.lv\/wp-content\/uploads\/2025\/07\/folkmane.jpeg\" alt=\"folkmane\" itemprop=\"image\" title=\"folkmane\" onerror=\"this.style.display='none'\" loading=\"lazy\" \/>\n\t<p><strong>Prof. Inese Folkmane<\/strong><\/p>\n<p>The President<\/p>\n\t\t\t\t<img decoding=\"async\" src=\"http:\/\/nefrologs.lv\/wp-content\/uploads\/2023\/08\/I.Ziedina-bilde-2023.jpg\" alt=\"I.Ziedina bilde 2023\" itemprop=\"image\" title=\"I.Ziedina bilde 2023\" onerror=\"this.style.display='none'\" loading=\"lazy\" \/>\n\t<p><strong>Asoc. prof. Ieva Ziedi\u0146a<\/strong><\/p>\n<p>Vice-President<\/p>\n\t\t\t\t<img decoding=\"async\" src=\"http:\/\/nefrologs.lv\/wp-content\/uploads\/2023\/08\/Maija_Motivane-photoaidcom-cropped-300x300.png\" alt=\"Maija_Motivane-photoaidcom-cropped\" itemprop=\"image\" title=\"Maija_Motivane-photoaidcom-cropped\" onerror=\"this.style.display='none'\" loading=\"lazy\" \/>\n\t<p><strong>Dr. Maija Motiv\u0101ne<\/strong><\/p>\n<p>Sekret\u0101re &#8211; mantzine<\/p>\n<h2>\n\t\t\tContact us!\t<\/h2>\n\t<iframe loading=\"lazy\" src=\"https:\/\/www.google.com\/maps\/embed?pb=!1m18!1m12!1m3!1d2176.9559302532593!2d24.066926915689702!3d56.93242190786342!2m3!1f0!2f0!3f0!3m2!1i1024!2i768!4f13.1!3m3!1m2!1s0x46eed03e662a5f79%3A0xd8070ef66711d017!2zUGlsc2_FhnUgaWVsYSAxMywgWmVtZ2FsZXMgcHJpZWvFoXBpbHPEk3RhLCBSxKtnYSwgTFYtMTAwMg!5e0!3m2!1slv!2slv!4v1676750662197!5m2!1slv!2slv\" width=\"100%\" height=\"400\" frameborder=\"0\" allowfullscreen><\/iframe>\n\tPilso\u0146u iela 13, R\u012bga, LV1002<br \/>\nRe\u0123istr\u0101cijas numurs 40008004227<br \/>\nSwedbank, HABALV22, LV49HABA000140J035997\n\t<p><frame src=\"https:\/\/www.google.com\/maps\/embed?pb=!1m18!1m12!1m3!1d2176.9559302532593!2d24.066926915689702!3d56.93242190786342!2m3!1f0!2f0!3f0!3m2!1i1024!2i768!4f13.1!3m3!1m2!1s0x46eed03e662a5f79%3A0xd8070ef66711d017!2zUGlsc2_FhnUgaWVsYSAxMywgWmVtZ2FsZXMgcHJpZWvFoXBpbHPEk3RhLCBSxKtnYSwgTFYtMTAwMg!5e0!3m2!1slv!2slv!4v1676750662197!5m2!1slv!2slv\" width=\"100%\" height=\"535\" frameborder=\"0\" allowfullscreen<\/iframe\/><\/p>","protected":false},"excerpt":{"rendered":"<p>Latvijas Nefrologu asoci\u0101cija dibin\u0101ta 1992. gada 23. febru\u0101ri. LNA m\u0113r\u0137i ir att\u012bst\u012bt un uzlabot nieru slim\u012bbu \u0101rst\u0113\u0161anu un nieru aizst\u0101jterapiju Latvij\u0101, atbalst\u012bt un veicin\u0101t profesion\u0101lo apm\u0101c\u012bbu un p\u0113tniec\u012bbu nefrolo\u0123ijas nozar\u0113, tuvin\u0101t nefrologa darba kvalit\u0101ti un nov\u0113rt\u0113jumu citu ES valstu l\u012bmenim. LNA r\u012bko ikm\u0113ne\u0161a s\u0113des, organiz\u0113 kursus un reizi 6 gados &#8211; Baltijas Nefrolo\u0123ijas konferenci. Nefrologu [&hellip;]<\/p>","protected":false},"author":1,"featured_media":0,"parent":0,"menu_order":0,"comment_status":"closed","ping_status":"closed","template":"","meta":{"_surecart_dashboard_logo_width":"180px","_surecart_dashboard_show_logo":true,"_surecart_dashboard_navigation_orders":true,"_surecart_dashboard_navigation_invoices":true,"_surecart_dashboard_navigation_subscriptions":true,"_surecart_dashboard_navigation_downloads":true,"_surecart_dashboard_navigation_billing":true,"_surecart_dashboard_navigation_account":true,"site-sidebar-layout":"no-sidebar","site-content-layout":"page-builder","ast-site-content-layout":"full-width-container","site-content-style":"unboxed","site-sidebar-style":"unboxed","ast-global-header-display":"","ast-banner-title-visibility":"","ast-main-header-display":"","ast-hfb-above-header-display":"","ast-hfb-below-header-display":"","ast-hfb-mobile-header-display":"","site-post-title":"disabled","ast-breadcrumbs-content":"","ast-featured-img":"disabled","footer-sml-layout":"","theme-transparent-header-meta":"","adv-header-id-meta":"","stick-header-meta":"","header-above-stick-meta":"","header-main-stick-meta":"","header-below-stick-meta":"","astra-migrate-meta-layouts":"set","ast-page-background-enabled":"default","ast-page-background-meta":{"desktop":{"background-color":"","background-image":"","background-repeat":"repeat","background-position":"center center","background-size":"auto","background-attachment":"scroll","background-type":"","background-media":"","overlay-type":"","overlay-color":"","overlay-opacity":"","overlay-gradient":""},"tablet":{"background-color":"","background-image":"","background-repeat":"repeat","background-position":"center center","background-size":"auto","background-attachment":"scroll","background-type":"","background-media":"","overlay-type":"","overlay-color":"","overlay-opacity":"","overlay-gradient":""},"mobile":{"background-color":"","background-image":"","background-repeat":"repeat","background-position":"center center","background-size":"auto","background-attachment":"scroll","background-type":"","background-media":"","overlay-type":"","overlay-color":"","overlay-opacity":"","overlay-gradient":""}},"ast-content-background-meta":{"desktop":{"background-color":"var(--ast-global-color-5)","background-image":"","background-repeat":"repeat","background-position":"center center","background-size":"auto","background-attachment":"scroll","background-type":"","background-media":"","overlay-type":"","overlay-color":"","overlay-opacity":"","overlay-gradient":""},"tablet":{"background-color":"var(--ast-global-color-5)","background-image":"","background-repeat":"repeat","background-position":"center center","background-size":"auto","background-attachment":"scroll","background-type":"","background-media":"","overlay-type":"","overlay-color":"","overlay-opacity":"","overlay-gradient":""},"mobile":{"background-color":"var(--ast-global-color-5)","background-image":"","background-repeat":"repeat","background-position":"center center","background-size":"auto","background-attachment":"scroll","background-type":"","background-media":"","overlay-type":"","overlay-color":"","overlay-opacity":"","overlay-gradient":""}},"_vp_format_video_url":"","_vp_image_focal_point":[],"footnotes":""},"class_list":["post-2","page","type-page","status-publish","hentry"],"_links":{"self":[{"href":"https:\/\/nefrologs.lv\/en\/wp-json\/wp\/v2\/pages\/2","targetHints":{"allow":["GET"]}}],"collection":[{"href":"https:\/\/nefrologs.lv\/en\/wp-json\/wp\/v2\/pages"}],"about":[{"href":"https:\/\/nefrologs.lv\/en\/wp-json\/wp\/v2\/types\/page"}],"author":[{"embeddable":true,"href":"https:\/\/nefrologs.lv\/en\/wp-json\/wp\/v2\/users\/1"}],"replies":[{"embeddable":true,"href":"https:\/\/nefrologs.lv\/en\/wp-json\/wp\/v2\/comments?post=2"}],"version-history":[{"count":80,"href":"https:\/\/nefrologs.lv\/en\/wp-json\/wp\/v2\/pages\/2\/revisions"}],"predecessor-version":[{"id":1759,"href":"https:\/\/nefrologs.lv\/en\/wp-json\/wp\/v2\/pages\/2\/revisions\/1759"}],"wp:attachment":[{"href":"https:\/\/nefrologs.lv\/en\/wp-json\/wp\/v2\/media?parent=2"}],"curies":[{"name":"wp","href":"https:\/\/api.w.org\/{rel}","templated":true}]}}